{"id":163,"date":"2025-03-25T04:09:31","date_gmt":"2025-03-25T04:09:31","guid":{"rendered":"https:\/\/www.coltejer.com.co\/aviso\/?page_id=163"},"modified":"2025-03-25T04:11:39","modified_gmt":"2025-03-25T04:11:39","slug":"asamblea-extraordinaria-2024","status":"publish","type":"page","link":"https:\/\/www.coltejer.com.co\/aviso\/asamblea-extraordinaria-2024\/","title":{"rendered":"Asamblea extraordinaria 2024"},"content":{"rendered":"<p>[et_pb_section fb_built=\u00bb1&#8243; _builder_version=\u00bb4.20.0&#8243; _module_preset=\u00bbdefault\u00bb custom_padding=\u00bb26px||0px|||\u00bb global_colors_info=\u00bb{}\u00bb theme_builder_area=\u00bbpost_content\u00bb][et_pb_row _builder_version=\u00bb4.27.4&#8243; _module_preset=\u00bbdefault\u00bb global_colors_info=\u00bb{}\u00bb theme_builder_area=\u00bbpost_content\u00bb][et_pb_column type=\u00bb4_4&#8243; _builder_version=\u00bb4.27.4&#8243; _module_preset=\u00bbdefault\u00bb global_colors_info=\u00bb{}\u00bb theme_builder_area=\u00bbpost_content\u00bb][et_pb_button button_text=\u00bbRegresar al inicio\u00bb button_alignment=\u00bbcenter\u00bb _builder_version=\u00bb4.27.4&#8243; _module_preset=\u00bbdefault\u00bb custom_button=\u00bbon\u00bb button_text_color=\u00bb#FFFFFF\u00bb button_bg_color=\u00bb#00703b\u00bb button_border_width=\u00bb0px\u00bb button_border_radius=\u00bb26px\u00bb hover_enabled=\u00bb0&#8243; global_colors_info=\u00bb{}\u00bb theme_builder_area=\u00bbpost_content\u00bb button_url=\u00bbhttps:\/\/www.coltejer.com.co\/aviso\/\u00bb sticky_enabled=\u00bb0&#8243; button_icon=\u00bb&#x23;||divi||400&#8243; button_icon_placement=\u00bbleft\u00bb button_on_hover=\u00bboff\u00bb][\/et_pb_button][\/et_pb_column][\/et_pb_row][et_pb_row _builder_version=\u00bb4.20.0&#8243; _module_preset=\u00bbdefault\u00bb width=\u00bb90%\u00bb max_width=\u00bb1300px\u00bb global_colors_info=\u00bb{}\u00bb theme_builder_area=\u00bbpost_content\u00bb][et_pb_column type=\u00bb4_4&#8243; _builder_version=\u00bb4.20.0&#8243; _module_preset=\u00bbdefault\u00bb global_colors_info=\u00bb{}\u00bb theme_builder_area=\u00bbpost_content\u00bb][et_pb_text _builder_version=\u00bb4.20.0&#8243; _module_preset=\u00bbdefault\u00bb text_font=\u00bb|800||on|||||\u00bb text_text_color=\u00bb#000000&#8243; text_font_size=\u00bb37px\u00bb text_line_height=\u00bb1.2em\u00bb text_orientation=\u00bbcenter\u00bb custom_margin=\u00bb16px||||false|false\u00bb animation_style=\u00bbslide\u00bb animation_intensity_slide=\u00bb10%\u00bb text_font_size_tablet=\u00bb28px\u00bb text_font_size_phone=\u00bb\u00bb text_font_size_last_edited=\u00bbon|tablet\u00bb global_colors_info=\u00bb{}\u00bb theme_builder_area=\u00bbpost_content\u00bb]<\/p>\n<p>ASAMBLEA EXTRAORDINARIA 2024<\/p>\n<p>[\/et_pb_text][\/et_pb_column][\/et_pb_row][et_pb_row column_structure=\u00bb1_2,1_2&#8243; use_custom_gutter=\u00bbon\u00bb gutter_width=\u00bb2&#8243; make_equal=\u00bbon\u00bb _builder_version=\u00bb4.20.0&#8243; _module_preset=\u00bbdefault\u00bb max_width=\u00bb90%\u00bb custom_padding=\u00bb0px|||||\u00bb animation_style=\u00bbslide\u00bb animation_intensity_slide=\u00bb10%\u00bb global_colors_info=\u00bb{}\u00bb theme_builder_area=\u00bbpost_content\u00bb][et_pb_column type=\u00bb1_2&#8243; _builder_version=\u00bb4.20.0&#8243; _module_preset=\u00bbdefault\u00bb custom_padding=\u00bb33px|16px|33px|16px|true|true\u00bb border_width_all=\u00bb2px\u00bb border_color_all=\u00bb#457a54&#8243; global_colors_info=\u00bb{}\u00bb theme_builder_area=\u00bbpost_content\u00bb][et_pb_text _builder_version=\u00bb4.20.0&#8243; _module_preset=\u00bbdefault\u00bb text_font=\u00bb||||||||\u00bb text_text_color=\u00bb#000000&#8243; text_font_size=\u00bb27px\u00bb text_line_height=\u00bb1.5em\u00bb link_font=\u00bb|700||||||#457a54|\u00bb link_text_color=\u00bb#457a54&#8243; text_orientation=\u00bbcenter\u00bb max_width=\u00bb1200px\u00bb module_alignment=\u00bbcenter\u00bb text_font_size_tablet=\u00bb26px\u00bb text_font_size_phone=\u00bb20px\u00bb text_font_size_last_edited=\u00bbon|phone\u00bb global_colors_info=\u00bb{}\u00bb theme_builder_area=\u00bbpost_content\u00bb]<\/p>\n<p>INFORMACI\u00d3N RELEVANTE<\/p>\n<p>[\/et_pb_text][et_pb_image src=\u00bbhttps:\/\/www.coltejer.com.co\/aviso\/wp-content\/uploads\/2023\/02\/barra.png\u00bb title_text=\u00bbbarra\u00bb align=\u00bbcenter\u00bb _builder_version=\u00bb4.20.0&#8243; _module_preset=\u00bbdefault\u00bb global_colors_info=\u00bb{}\u00bb theme_builder_area=\u00bbpost_content\u00bb][\/et_pb_image][et_pb_image src=\u00bbhttps:\/\/www.coltejer.com.co\/aviso\/wp-content\/uploads\/2023\/02\/Grupo-2.png\u00bb title_text=\u00bbGrupo 2&#8243; url=\u00bbhttps:\/\/www.coltejer.com.co\/aviso\/wp-content\/uploads\/2024\/12\/INFORMACION-RELEVANTE-.docx\u00bb url_new_window=\u00bbon\u00bb align=\u00bbcenter\u00bb _builder_version=\u00bb4.20.0&#8243; _module_preset=\u00bbdefault\u00bb global_colors_info=\u00bb{}\u00bb transform_styles__hover_enabled=\u00bbon|hover\u00bb transform_scale__hover_enabled=\u00bbon|hover\u00bb transform_translate__hover_enabled=\u00bbon|desktop\u00bb transform_rotate__hover_enabled=\u00bbon|desktop\u00bb transform_skew__hover_enabled=\u00bbon|desktop\u00bb transform_origin__hover_enabled=\u00bbon|desktop\u00bb transform_scale__hover=\u00bb90%|90%\u00bb theme_builder_area=\u00bbpost_content\u00bb][\/et_pb_image][\/et_pb_column][et_pb_column type=\u00bb1_2&#8243; _builder_version=\u00bb4.20.0&#8243; _module_preset=\u00bbdefault\u00bb custom_padding=\u00bb33px|16px|33px|16px|true|true\u00bb border_width_all=\u00bb2px\u00bb border_color_all=\u00bb#457a54&#8243; global_colors_info=\u00bb{}\u00bb theme_builder_area=\u00bbpost_content\u00bb][et_pb_text _builder_version=\u00bb4.20.0&#8243; _module_preset=\u00bbdefault\u00bb text_font=\u00bb||||||||\u00bb text_text_color=\u00bb#000000&#8243; text_font_size=\u00bb27px\u00bb text_line_height=\u00bb1.5em\u00bb link_font=\u00bb|700||||||#457a54|\u00bb link_text_color=\u00bb#457a54&#8243; text_orientation=\u00bbcenter\u00bb max_width=\u00bb1200px\u00bb module_alignment=\u00bbcenter\u00bb text_font_size_tablet=\u00bb26px\u00bb text_font_size_phone=\u00bb20px\u00bb text_font_size_last_edited=\u00bbon|phone\u00bb global_colors_info=\u00bb{}\u00bb theme_builder_area=\u00bbpost_content\u00bb]<\/p>\n<p>PUBLICACI\u00d3NES EN PERI\u00d3DICO<\/p>\n<p>[\/et_pb_text][et_pb_image src=\u00bbhttps:\/\/www.coltejer.com.co\/aviso\/wp-content\/uploads\/2023\/02\/barra.png\u00bb title_text=\u00bbbarra\u00bb align=\u00bbcenter\u00bb _builder_version=\u00bb4.20.0&#8243; _module_preset=\u00bbdefault\u00bb global_colors_info=\u00bb{}\u00bb theme_builder_area=\u00bbpost_content\u00bb][\/et_pb_image][et_pb_image src=\u00bbhttps:\/\/www.coltejer.com.co\/aviso\/wp-content\/uploads\/2023\/02\/Grupo-2.png\u00bb title_text=\u00bbGrupo 2&#8243; url=\u00bbhttps:\/\/www.coltejer.com.co\/aviso\/wp-content\/uploads\/2024\/12\/elColombiano-El-Colombiano-28_11_2024-17.pdf\u00bb url_new_window=\u00bbon\u00bb align=\u00bbcenter\u00bb _builder_version=\u00bb4.20.0&#8243; _module_preset=\u00bbdefault\u00bb global_colors_info=\u00bb{}\u00bb transform_styles__hover_enabled=\u00bbon|hover\u00bb transform_scale__hover_enabled=\u00bbon|hover\u00bb transform_translate__hover_enabled=\u00bbon|desktop\u00bb transform_rotate__hover_enabled=\u00bbon|desktop\u00bb transform_skew__hover_enabled=\u00bbon|desktop\u00bb transform_origin__hover_enabled=\u00bbon|desktop\u00bb transform_scale__hover=\u00bb90%|90%\u00bb theme_builder_area=\u00bbpost_content\u00bb][\/et_pb_image][et_pb_image src=\u00bbhttps:\/\/www.coltejer.com.co\/aviso\/wp-content\/uploads\/2023\/02\/Grupo-2.png\u00bb title_text=\u00bbGrupo 2&#8243; url=\u00bbhttps:\/\/www.coltejer.com.co\/aviso\/wp-content\/uploads\/2024\/12\/LR-AL-PAGINA-4-NOVIEMBRE-29.pdf\u00bb url_new_window=\u00bbon\u00bb align=\u00bbcenter\u00bb _builder_version=\u00bb4.27.4&#8243; _module_preset=\u00bbdefault\u00bb global_colors_info=\u00bb{}\u00bb transform_styles__hover_enabled=\u00bbon|hover\u00bb transform_scale__hover_enabled=\u00bbon|hover\u00bb transform_translate__hover_enabled=\u00bbon|desktop\u00bb transform_rotate__hover_enabled=\u00bbon|desktop\u00bb transform_skew__hover_enabled=\u00bbon|desktop\u00bb transform_origin__hover_enabled=\u00bbon|desktop\u00bb transform_scale__hover=\u00bb90%|90%\u00bb theme_builder_area=\u00bbpost_content\u00bb][\/et_pb_image][\/et_pb_column][\/et_pb_row][et_pb_row column_structure=\u00bb1_2,1_2&#8243; use_custom_gutter=\u00bbon\u00bb gutter_width=\u00bb2&#8243; make_equal=\u00bbon\u00bb _builder_version=\u00bb4.20.0&#8243; _module_preset=\u00bbdefault\u00bb max_width=\u00bb90%\u00bb custom_padding=\u00bb0px|||||\u00bb animation_style=\u00bbslide\u00bb animation_intensity_slide=\u00bb10%\u00bb global_colors_info=\u00bb{}\u00bb theme_builder_area=\u00bbpost_content\u00bb][et_pb_column type=\u00bb1_2&#8243; _builder_version=\u00bb4.20.0&#8243; _module_preset=\u00bbdefault\u00bb custom_padding=\u00bb33px|16px|33px|16px|true|true\u00bb border_width_all=\u00bb2px\u00bb border_color_all=\u00bb#457a54&#8243; global_colors_info=\u00bb{}\u00bb theme_builder_area=\u00bbpost_content\u00bb][et_pb_text _builder_version=\u00bb4.20.0&#8243; _module_preset=\u00bbdefault\u00bb text_font=\u00bb||||||||\u00bb text_text_color=\u00bb#000000&#8243; text_font_size=\u00bb27px\u00bb text_line_height=\u00bb1.5em\u00bb link_font=\u00bb|700||||||#457a54|\u00bb link_text_color=\u00bb#457a54&#8243; text_orientation=\u00bbcenter\u00bb max_width=\u00bb1200px\u00bb module_alignment=\u00bbcenter\u00bb text_font_size_tablet=\u00bb26px\u00bb text_font_size_phone=\u00bb20px\u00bb text_font_size_last_edited=\u00bbon|phone\u00bb global_colors_info=\u00bb{}\u00bb theme_builder_area=\u00bbpost_content\u00bb]<\/p>\n<p>CONVOCATORIA ASAMBLEA<\/p>\n<p>[\/et_pb_text][et_pb_image src=\u00bbhttps:\/\/www.coltejer.com.co\/aviso\/wp-content\/uploads\/2023\/02\/barra.png\u00bb title_text=\u00bbbarra\u00bb align=\u00bbcenter\u00bb _builder_version=\u00bb4.20.0&#8243; _module_preset=\u00bbdefault\u00bb global_colors_info=\u00bb{}\u00bb theme_builder_area=\u00bbpost_content\u00bb][\/et_pb_image][et_pb_image src=\u00bbhttps:\/\/www.coltejer.com.co\/aviso\/wp-content\/uploads\/2023\/02\/Grupo-2.png\u00bb title_text=\u00bbGrupo 2&#8243; url=\u00bbhttps:\/\/www.coltejer.com.co\/aviso\/wp-content\/uploads\/2024\/12\/5&#215;2-ec-COLTEJER-S.A.pdf\u00bb url_new_window=\u00bbon\u00bb align=\u00bbcenter\u00bb _builder_version=\u00bb4.20.0&#8243; _module_preset=\u00bbdefault\u00bb global_colors_info=\u00bb{}\u00bb transform_styles__hover_enabled=\u00bbon|hover\u00bb transform_scale__hover_enabled=\u00bbon|hover\u00bb transform_translate__hover_enabled=\u00bbon|desktop\u00bb transform_rotate__hover_enabled=\u00bbon|desktop\u00bb transform_skew__hover_enabled=\u00bbon|desktop\u00bb transform_origin__hover_enabled=\u00bbon|desktop\u00bb transform_scale__hover=\u00bb90%|90%\u00bb theme_builder_area=\u00bbpost_content\u00bb][\/et_pb_image][\/et_pb_column][et_pb_column type=\u00bb1_2&#8243; _builder_version=\u00bb4.20.0&#8243; _module_preset=\u00bbdefault\u00bb custom_padding=\u00bb33px|16px|33px|16px|true|true\u00bb border_width_all=\u00bb2px\u00bb border_color_all=\u00bb#457a54&#8243; global_colors_info=\u00bb{}\u00bb theme_builder_area=\u00bbpost_content\u00bb][et_pb_text _builder_version=\u00bb4.20.0&#8243; _module_preset=\u00bbdefault\u00bb text_font=\u00bb||||||||\u00bb text_text_color=\u00bb#000000&#8243; text_font_size=\u00bb27px\u00bb text_line_height=\u00bb1.5em\u00bb link_font=\u00bb|700||||||#457a54|\u00bb link_text_color=\u00bb#457a54&#8243; text_orientation=\u00bbcenter\u00bb max_width=\u00bb1200px\u00bb module_alignment=\u00bbcenter\u00bb text_font_size_tablet=\u00bb26px\u00bb text_font_size_phone=\u00bb20px\u00bb text_font_size_last_edited=\u00bbon|phone\u00bb global_colors_info=\u00bb{}\u00bb theme_builder_area=\u00bbpost_content\u00bb]<\/p>\n<p>CIRCULAR B\u00c1SICA JUR\u00cdDICA<\/p>\n<p>[\/et_pb_text][et_pb_image src=\u00bbhttps:\/\/www.coltejer.com.co\/aviso\/wp-content\/uploads\/2023\/02\/barra.png\u00bb title_text=\u00bbbarra\u00bb align=\u00bbcenter\u00bb _builder_version=\u00bb4.20.0&#8243; _module_preset=\u00bbdefault\u00bb global_colors_info=\u00bb{}\u00bb theme_builder_area=\u00bbpost_content\u00bb][\/et_pb_image][et_pb_image src=\u00bbhttps:\/\/www.coltejer.com.co\/aviso\/wp-content\/uploads\/2023\/02\/Grupo-2.png\u00bb title_text=\u00bbGrupo 2&#8243; url=\u00bbhttps:\/\/www.coltejer.com.co\/aviso\/wp-content\/uploads\/2024\/12\/CIRCULAR-BASICA-JURIDICA.pdf\u00bb url_new_window=\u00bbon\u00bb align=\u00bbcenter\u00bb _builder_version=\u00bb4.20.0&#8243; _module_preset=\u00bbdefault\u00bb global_colors_info=\u00bb{}\u00bb transform_styles__hover_enabled=\u00bbon|hover\u00bb transform_scale__hover_enabled=\u00bbon|hover\u00bb transform_translate__hover_enabled=\u00bbon|desktop\u00bb transform_rotate__hover_enabled=\u00bbon|desktop\u00bb transform_skew__hover_enabled=\u00bbon|desktop\u00bb transform_origin__hover_enabled=\u00bbon|desktop\u00bb transform_scale__hover=\u00bb90%|90%\u00bb theme_builder_area=\u00bbpost_content\u00bb][\/et_pb_image][\/et_pb_column][\/et_pb_row][et_pb_row _builder_version=\u00bb4.27.4&#8243; _module_preset=\u00bbdefault\u00bb global_colors_info=\u00bb{}\u00bb theme_builder_area=\u00bbpost_content\u00bb][et_pb_column type=\u00bb4_4&#8243; _builder_version=\u00bb4.27.4&#8243; _module_preset=\u00bbdefault\u00bb global_colors_info=\u00bb{}\u00bb theme_builder_area=\u00bbpost_content\u00bb][et_pb_button button_text=\u00bbRegresar al inicio\u00bb button_alignment=\u00bbcenter\u00bb _builder_version=\u00bb4.27.4&#8243; _module_preset=\u00bbdefault\u00bb custom_button=\u00bbon\u00bb button_text_color=\u00bb#FFFFFF\u00bb button_bg_color=\u00bb#00703b\u00bb button_border_width=\u00bb0px\u00bb button_border_radius=\u00bb26px\u00bb hover_enabled=\u00bb0&#8243; global_colors_info=\u00bb{}\u00bb theme_builder_area=\u00bbpost_content\u00bb button_url=\u00bbhttps:\/\/www.coltejer.com.co\/aviso\/\u00bb sticky_enabled=\u00bb0&#8243; button_icon=\u00bb&#x23;||divi||400&#8243; button_icon_placement=\u00bbleft\u00bb button_on_hover=\u00bboff\u00bb][\/et_pb_button][\/et_pb_column][\/et_pb_row][\/et_pb_section]<\/p>\n","protected":false},"excerpt":{"rendered":"<p>ASAMBLEA EXTRAORDINARIA 2024INFORMACI\u00d3N RELEVANTEPUBLICACI\u00d3NES EN PERI\u00d3DICOCONVOCATORIA ASAMBLEACIRCULAR B\u00c1SICA JUR\u00cdDICA<\/p>\n","protected":false},"author":1,"featured_media":0,"parent":0,"menu_order":0,"comment_status":"closed","ping_status":"closed","template":"","meta":{"_et_pb_use_builder":"on","_et_pb_old_content":"","_et_gb_content_width":"","footnotes":""},"class_list":["post-163","page","type-page","status-publish","hentry"],"_links":{"self":[{"href":"https:\/\/www.coltejer.com.co\/aviso\/wp-json\/wp\/v2\/pages\/163","targetHints":{"allow":["GET"]}}],"collection":[{"href":"https:\/\/www.coltejer.com.co\/aviso\/wp-json\/wp\/v2\/pages"}],"about":[{"href":"https:\/\/www.coltejer.com.co\/aviso\/wp-json\/wp\/v2\/types\/page"}],"author":[{"embeddable":true,"href":"https:\/\/www.coltejer.com.co\/aviso\/wp-json\/wp\/v2\/users\/1"}],"replies":[{"embeddable":true,"href":"https:\/\/www.coltejer.com.co\/aviso\/wp-json\/wp\/v2\/comments?post=163"}],"version-history":[{"count":4,"href":"https:\/\/www.coltejer.com.co\/aviso\/wp-json\/wp\/v2\/pages\/163\/revisions"}],"predecessor-version":[{"id":169,"href":"https:\/\/www.coltejer.com.co\/aviso\/wp-json\/wp\/v2\/pages\/163\/revisions\/169"}],"wp:attachment":[{"href":"https:\/\/www.coltejer.com.co\/aviso\/wp-json\/wp\/v2\/media?parent=163"}],"curies":[{"name":"wp","href":"https:\/\/api.w.org\/{rel}","templated":true}]}}